{"id":1501,"date":"2021-08-09T16:25:18","date_gmt":"2021-08-09T21:25:18","guid":{"rendered":"https:\/\/mxdesign.diseno.ibero.mx\/?page_id=1501"},"modified":"2023-05-22T12:29:05","modified_gmt":"2023-05-22T17:29:05","slug":"elementor-1501","status":"publish","type":"page","link":"https:\/\/mxdesign.diseno.ibero.mx\/?page_id=1501","title":{"rendered":"MXRIO Design Conference 2021: Ponencias"},"content":{"rendered":"\t\t<div data-elementor-type=\"wp-page\" data-elementor-id=\"1501\" class=\"elementor elementor-1501\">\n\t\t\t\t\t\t<section class=\"elementor-section elementor-top-section elementor-element elementor-element-4a6338aa elementor-section-full_width elementor-section-height-default elementor-section-height-default\" data-id=\"4a6338aa\" data-element_type=\"section\" data-settings=\"{&quot;background_background&quot;:&quot;slideshow&quot;,&quot;background_slideshow_gallery&quot;:[],&quot;background_slideshow_loop&quot;:&quot;yes&quot;,&quot;background_slideshow_slide_duration&quot;:5000,&quot;background_slideshow_slide_transition&quot;:&quot;fade&quot;,&quot;background_slideshow_transition_duration&quot;:500}\">\n\t\t\t\t\t\t\t<div class=\"elementor-background-overlay\"><\/div>\n\t\t\t\t\t\t\t<div class=\"elementor-container elementor-column-gap-default\">\n\t\t\t\t\t<div class=\"elementor-column elementor-col-100 elementor-top-column elementor-element elementor-element-5e360da7\" data-id=\"5e360da7\" data-element_type=\"column\">\n\t\t\t<div class=\"elementor-widget-wrap elementor-element-populated\">\n\t\t\t\t\t\t<div class=\"elementor-element elementor-element-7614ed00 elementor-hidden-desktop elementor-hidden-tablet elementor-hidden-phone elementor-widget elementor-widget-heading\" data-id=\"7614ed00\" data-element_type=\"widget\" data-widget_type=\"heading.default\">\n\t\t\t\t<div class=\"elementor-widget-container\">\n\t\t\t\t\t<h1 class=\"elementor-heading-title elementor-size-default\">Noveno congreso internacional de dise\u00f1o MXRIO Design Conference 2021: Distanciamientos y aproximaciones en tiempos excepcionales<\/h1>\t\t\t\t<\/div>\n\t\t\t\t<\/div>\n\t\t\t\t<section class=\"elementor-section elementor-inner-section elementor-element elementor-element-635dbafc elementor-section-full_width elementor-section-height-default elementor-section-height-default\" data-id=\"635dbafc\" data-element_type=\"section\" data-settings=\"{&quot;background_background&quot;:&quot;classic&quot;}\">\n\t\t\t\t\t\t<div class=\"elementor-container elementor-column-gap-extended\">\n\t\t\t\t\t<div class=\"elementor-column elementor-col-50 elementor-inner-column elementor-element elementor-element-491853fd\" data-id=\"491853fd\" data-element_type=\"column\">\n\t\t\t<div class=\"elementor-widget-wrap elementor-element-populated\">\n\t\t\t\t\t\t<div class=\"elementor-element elementor-element-2b565f41 elementor-widget elementor-widget-image\" data-id=\"2b565f41\" data-element_type=\"widget\" data-widget_type=\"image.default\">\n\t\t\t\t<div class=\"elementor-widget-container\">\n\t\t\t\t\t\t\t\t\t\t\t\t\t\t\t<img fetchpriority=\"high\" decoding=\"async\" width=\"572\" height=\"334\" src=\"https:\/\/mxdesign.diseno.ibero.mx\/wp-content\/uploads\/2021\/03\/Captura-de-Pantalla-2021-02-25-a-las-9.12.13.png\" class=\"attachment-large size-large wp-image-913\" alt=\"\" srcset=\"https:\/\/mxdesign.diseno.ibero.mx\/wp-content\/uploads\/2021\/03\/Captura-de-Pantalla-2021-02-25-a-las-9.12.13.png 572w, https:\/\/mxdesign.diseno.ibero.mx\/wp-content\/uploads\/2021\/03\/Captura-de-Pantalla-2021-02-25-a-las-9.12.13-300x175.png 300w\" sizes=\"(max-width: 572px) 100vw, 572px\" \/>\t\t\t\t\t\t\t\t\t\t\t\t\t\t\t<\/div>\n\t\t\t\t<\/div>\n\t\t\t\t\t<\/div>\n\t\t<\/div>\n\t\t\t\t<div class=\"elementor-column elementor-col-50 elementor-inner-column elementor-element elementor-element-16c8f1dc\" data-id=\"16c8f1dc\" data-element_type=\"column\">\n\t\t\t<div class=\"elementor-widget-wrap elementor-element-populated\">\n\t\t\t\t\t\t<div class=\"elementor-element elementor-element-5dd40e3e elementor-widget elementor-widget-text-editor\" data-id=\"5dd40e3e\" data-element_type=\"widget\" data-widget_type=\"text-editor.default\">\n\t\t\t\t<div class=\"elementor-widget-container\">\n\t\t\t\t\t\t\t\t\t<h3><strong>Noveno Congreso Internacional de Dise\u00f1o<\/strong><\/h3><h4>Edici\u00f3n R\u00edo de Janeiro, totalmente en l\u00ednea<\/h4><h4>8, 9, y 10 de septiembre de 2021<\/h4><p>\u00a0<\/p><h3>9\u00ba Congresso Internacional de Design<\/h3><h4>Edi\u00e7\u00e3o Rio de Janeiro, online<\/h4><h4>8, 9 e 10 de setembro de 2021<\/h4><p>\u00a0<\/p><h3>Nineth International Design Congress<\/h3><h4>Rio de Janeiro Edition, fully online<\/h4><h4>September 8, 9, and 10, 2021<\/h4>\t\t\t\t\t\t\t\t<\/div>\n\t\t\t\t<\/div>\n\t\t\t\t\t<\/div>\n\t\t<\/div>\n\t\t\t\t\t<\/div>\n\t\t<\/section>\n\t\t\t\t<div class=\"elementor-element elementor-element-1d4935c8 elementor-widget elementor-widget-spacer\" data-id=\"1d4935c8\" data-element_type=\"widget\" data-widget_type=\"spacer.default\">\n\t\t\t\t<div class=\"elementor-widget-container\">\n\t\t\t\t\t\t\t<div class=\"elementor-spacer\">\n\t\t\t<div class=\"elementor-spacer-inner\"><\/div>\n\t\t<\/div>\n\t\t\t\t\t\t<\/div>\n\t\t\t\t<\/div>\n\t\t\t\t\t<\/div>\n\t\t<\/div>\n\t\t\t\t\t<\/div>\n\t\t<\/section>\n\t\t\t\t<section class=\"elementor-section elementor-top-section elementor-element elementor-element-9385e8 elementor-section-boxed elementor-section-height-default elementor-section-height-default\" data-id=\"9385e8\" data-element_type=\"section\">\n\t\t\t\t\t\t<div class=\"elementor-container elementor-column-gap-default\">\n\t\t\t\t\t<div class=\"elementor-column elementor-col-100 elementor-top-column elementor-element elementor-element-5a57e5e8\" data-id=\"5a57e5e8\" data-element_type=\"column\">\n\t\t\t<div class=\"elementor-widget-wrap elementor-element-populated\">\n\t\t\t\t\t\t<div class=\"elementor-element elementor-element-68b646ec elementor-widget elementor-widget-heading\" data-id=\"68b646ec\" data-element_type=\"widget\" data-widget_type=\"heading.default\">\n\t\t\t\t<div class=\"elementor-widget-container\">\n\t\t\t\t\t<h2 class=\"elementor-heading-title elementor-size-default\">Ponencias aceptadas<br>Artigos aceitos<br>Papers accepted<\/h2>\t\t\t\t<\/div>\n\t\t\t\t<\/div>\n\t\t\t\t<div class=\"elementor-element elementor-element-16fcb55b elementor-widget elementor-widget-spacer\" data-id=\"16fcb55b\" data-element_type=\"widget\" data-widget_type=\"spacer.default\">\n\t\t\t\t<div class=\"elementor-widget-container\">\n\t\t\t\t\t\t\t<div class=\"elementor-spacer\">\n\t\t\t<div class=\"elementor-spacer-inner\"><\/div>\n\t\t<\/div>\n\t\t\t\t\t\t<\/div>\n\t\t\t\t<\/div>\n\t\t\t\t<div class=\"elementor-element elementor-element-70925577 elementor-widget elementor-widget-text-editor\" data-id=\"70925577\" data-element_type=\"widget\" data-widget_type=\"text-editor.default\">\n\t\t\t\t<div class=\"elementor-widget-container\">\n\t\t\t\t\t\t\t\t\t<ul><li><span lang=\"ES\" style=\"background-image: initial; background-position: initial; background-size: initial; background-repeat: initial; background-attachment: initial; background-origin: initial; background-clip: initial;\">Arte em A\u00e7\u00e3o \u2013 design, ferramenta de mobiliza\u00e7\u00e3o social<\/span><\/li><li>Binational multidisciplinary project #Appreciating Simplicity<\/li><li>Color and territory. Empathy as a tool to enable international collaborative design projects<\/li><li><span lang=\"ES\">Comunidade formativa como Projeto-A\u00e7\u00e3o: tecnologias colaborativas e c\u00edvicas sustentando um design dial\u00f3gico de antecipa\u00e7\u00e3o<\/span><\/li><li><span lang=\"ES\">Design e favela na Pandemia Covid-19: parceria e empatia com o Coletivo Tamo Junto Rocinha<\/span><\/li><li><span lang=\"ES\">Dise\u00f1o y pr\u00e1ctica, reflexiones desde el sur global<\/span><\/li><li><span lang=\"ES\">El dise\u00f1ador contempor\u00e1neo, dialogante con el entorno<\/span><\/li><li><span lang=\"ES\">Ensino da pr\u00e1tica de Desenho em plataformas digitais durante uma pandemia: flexibilidade com responsabilidade<\/span><\/li><li><span lang=\"ES\">Entendendo o home office no isolamento social uma pesquisa explorat\u00f3ria<\/span><\/li><li><span lang=\"ES\">Eventos de design on-line como uma oportunidade pand\u00eamica: lastra&#8217;21 um estudo de caso<\/span><\/li><li><span lang=\"ES\">Hilando nuevas oportunidades: la aproximaci\u00f3n del Dise\u00f1o Estrat\u00e9gico, en La Red Iberoamericana de Entidades de Personas con Discapacidad F\u00edsica, desde el papel del dise\u00f1ador<\/span><\/li><li>Housing post COVID-19: Design challenges<\/li><li><span lang=\"ES\">Investiga\u00e7\u00e3o e desenvolvimento de projetos em tempos de pandemia. Fusion &#8211; europa criativa, um projeto em realiza\u00e7\u00e3o no online<\/span><\/li><li><span lang=\"ES\">La artesan\u00eda y el dise\u00f1o en una era digital<\/span><\/li><li><span lang=\"ES\">La importancia de la ventilaci\u00f3n natural en viviendas sociales de clima c\u00e1lido-h\u00famedo en tiempos de confinamiento en M\u00e9xico<\/span><\/li><li><span lang=\"ES\">La propuesta del Dise\u00f1o Sensorial ante la brecha entre el mundo f\u00edsico y el mundo digital<\/span><\/li><li><span lang=\"ES\">M\u00eddias digitais &amp; estrat\u00e9gias para o ensino de Design durante a pandemia de COVID-19<\/span><\/li><li><span lang=\"ES\">Motir\u00f4: os festejos populares como testemunho da pandemia covid-19<\/span><\/li><li><span lang=\"ES\">Narrativas cautivas: Estudio estructural y audiovisual del confinamiento como \u00edndice de los l\u00edmites de la sociedad actual<\/span><\/li><li><span lang=\"ES\">O design em parceria e o enfrentamento aos desafios da pandemia de Covid-19<\/span><\/li><li><span lang=\"ES\">O Designer Popular Digital e o Campo do Design<\/span><\/li><li><span lang=\"ES\">O ensino remoto do design em tempos de isolamento social: a intera\u00e7\u00e3o com m\u00e1scara antiviral como tem\u00e1tica para uma aprendizagem significativa<\/span><\/li><li><span lang=\"ES\">O mito da Histo\u0301ria do Design frente aos debates historiogra\u0301ficos atuais<\/span><\/li><li><span lang=\"ES\">Ocupa\u00e7\u00e3o do espa\u00e7o vertical pelo Proj.ED: Grupo de Proje\u00e7\u00f5es da Escola de Design da Universidade do Estado de Minas Gerais (UEMG)<\/span><\/li><li><span lang=\"ES\">Projeto Dia das Crian\u00e7as 2020 no Bonfim: um exemplo de comprometimento pela causa da educa\u00e7\u00e3o ambiental em tempos excepcionais<\/span><\/li><li><span lang=\"ES\">Relato de experi\u00eancia de adapta\u00e7\u00e3o de uma pr\u00e1tica de ensino de projeto com a abordagem metodol\u00f3gica Design em Parceria para o modo Educa\u00e7\u00e3o emergencial remoto em tempos de pandemia de Covid-19<\/span><\/li><li><span lang=\"ES\">Ritualizaci\u00f3n social de uso en el proceso reconstrucci\u00f3n de la cultura material en el cabildo muisca de Suba<\/span><\/li><li>Sound System Outernational: sound systems na encruzilhada<\/li><li><span lang=\"ES\">Textil contra piel, pixel contra pixel.\u00a0Las posibilidades e imposibilidades de la moda digital para personas an\u00e1logas en el confinamiento<\/span><\/li><li><span style=\"background-image: initial; background-position: initial; background-size: initial; background-repeat: initial; background-attachment: initial; background-origin: initial; background-clip: initial;\">VIABLE &#8211; Campa\u00f1a de sensibilizaci\u00f3n vial<\/span><\/li><li>Visually impaired students and online education: the potential of inclusion from usability and user-experience (UX) approach<\/li><\/ul>\t\t\t\t\t\t\t\t<\/div>\n\t\t\t\t<\/div>\n\t\t\t\t\t<\/div>\n\t\t<\/div>\n\t\t\t\t\t<\/div>\n\t\t<\/section>\n\t\t\t\t<section class=\"elementor-section elementor-top-section elementor-element elementor-element-54dc7166 elementor-section-boxed elementor-section-height-default elementor-section-height-default\" data-id=\"54dc7166\" data-element_type=\"section\" data-settings=\"{&quot;background_background&quot;:&quot;classic&quot;}\">\n\t\t\t\t\t\t<div class=\"elementor-container elementor-column-gap-default\">\n\t\t\t\t\t<div class=\"elementor-column elementor-col-33 elementor-top-column elementor-element elementor-element-ec88123\" data-id=\"ec88123\" data-element_type=\"column\">\n\t\t\t<div class=\"elementor-widget-wrap elementor-element-populated\">\n\t\t\t\t\t\t<div class=\"elementor-element elementor-element-5c172383 elementor-widget elementor-widget-text-editor\" data-id=\"5c172383\" data-element_type=\"widget\" data-widget_type=\"text-editor.default\">\n\t\t\t\t<div class=\"elementor-widget-container\">\n\t\t\t\t\t\t\t\t\t<p>ORGANIZADORES:<\/p>\t\t\t\t\t\t\t\t<\/div>\n\t\t\t\t<\/div>\n\t\t\t\t<div class=\"elementor-element elementor-element-2bd38d33 elementor-widget elementor-widget-image\" data-id=\"2bd38d33\" data-element_type=\"widget\" data-widget_type=\"image.default\">\n\t\t\t\t<div class=\"elementor-widget-container\">\n\t\t\t\t\t\t\t\t\t\t\t\t\t\t\t\t<a href=\"http:\/\/dad.puc-rio.br\/\">\n\t\t\t\t\t\t\t<img decoding=\"async\" width=\"190\" height=\"150\" src=\"https:\/\/mxdesign.diseno.ibero.mx\/wp-content\/uploads\/2021\/04\/dad-logo-site-branco-1.png\" class=\"attachment-large size-large wp-image-969\" alt=\"\" \/>\t\t\t\t\t\t\t\t<\/a>\n\t\t\t\t\t\t\t\t\t\t\t\t\t\t\t<\/div>\n\t\t\t\t<\/div>\n\t\t\t\t<div class=\"elementor-element elementor-element-1b703aa elementor-widget elementor-widget-image\" data-id=\"1b703aa\" data-element_type=\"widget\" data-widget_type=\"image.default\">\n\t\t\t\t<div class=\"elementor-widget-container\">\n\t\t\t\t\t\t\t\t\t\t\t\t\t\t\t\t<a href=\"http:\/\/www.dis.ibero.mx\/\">\n\t\t\t\t\t\t\t<img decoding=\"async\" width=\"287\" height=\"84\" src=\"https:\/\/mxdesign.diseno.ibero.mx\/wp-content\/uploads\/2019\/07\/logo-ibero84.png\" class=\"attachment-large size-large wp-image-472\" alt=\"\" \/>\t\t\t\t\t\t\t\t<\/a>\n\t\t\t\t\t\t\t\t\t\t\t\t\t\t\t<\/div>\n\t\t\t\t<\/div>\n\t\t\t\t<div class=\"elementor-element elementor-element-ed0d77f elementor-widget elementor-widget-text-editor\" data-id=\"ed0d77f\" data-element_type=\"widget\" data-widget_type=\"text-editor.default\">\n\t\t\t\t<div class=\"elementor-widget-container\">\n\t\t\t\t\t\t\t\t\t<p>Red de Escuelas de Dise\u00f1o AUSJAL.<br \/><a style=\"color: black;\" href=\"https:\/\/creativecommons.org\/licenses\/by-nc-nd\/2.5\/mx\/\"><br \/><span style=\"text-decoration: underline;\">Algunos derechos reservados.<\/span><\/a><\/p>\t\t\t\t\t\t\t\t<\/div>\n\t\t\t\t<\/div>\n\t\t\t\t\t<\/div>\n\t\t<\/div>\n\t\t\t\t<div class=\"elementor-column elementor-col-33 elementor-top-column elementor-element elementor-element-5fcaa569\" data-id=\"5fcaa569\" data-element_type=\"column\">\n\t\t\t<div class=\"elementor-widget-wrap elementor-element-populated\">\n\t\t\t\t\t\t<div class=\"elementor-element elementor-element-4ca5c88b elementor-widget elementor-widget-heading\" data-id=\"4ca5c88b\" data-element_type=\"widget\" data-widget_type=\"heading.default\">\n\t\t\t\t<div class=\"elementor-widget-container\">\n\t\t\t\t\t<h2 class=\"elementor-heading-title elementor-size-default\"><span style=\", sans-serif;font-size: 16px;font-style: normal;font-weight: 400;text-align: center\">CONGRESOS ANTERIORES:<\/span><\/h2>\t\t\t\t<\/div>\n\t\t\t\t<\/div>\n\t\t\t\t<div class=\"elementor-element elementor-element-2cdecd0c elementor-widget elementor-widget-text-editor\" data-id=\"2cdecd0c\" data-element_type=\"widget\" data-widget_type=\"text-editor.default\">\n\t\t\t\t<div class=\"elementor-widget-container\">\n\t\t\t\t\t\t\t\t\t<p><span style=\"text-decoration: underline;\"><a style=\"color: black; text-decoration: underline;\" href=\"https:\/\/mxdesign.diseno.ibero.mx\/?page_id=374\">MXDC 2019:\u00a0Identidades en Transici\u00f3n<\/a><\/span><\/p><p><span style=\"text-decoration: underline;\"><a style=\"color: black; text-decoration: underline;\" href=\"http:\/\/www.mxdesignconference.com\/2017\/\">MXDC 2017:\u00a0Dise\u00f1o Frente al Futuro<\/a><\/span><\/p><p><span style=\"text-decoration: underline;\"><a style=\"color: black; text-decoration: underline;\" href=\"http:\/\/www.mxdesignconference.com\/2015\/\">MXDC 2015:\u00a0Dise\u00f1o Incluyente<\/a><\/span><\/p><p><span style=\"text-decoration: underline;\"><a style=\"color: black; text-decoration: underline;\" href=\"https:\/\/mxdesign.diseno.ibero.mx\/conference\/2013\/\">MXDC 2013: Consumo y Consumismo<\/a><\/span><\/p><p><span style=\"text-decoration: underline;\"><a style=\"color: black; text-decoration: underline;\" href=\"https:\/\/mxdesign.diseno.ibero.mx\/conference\/2011\/index.html\">MXDC 2011:Dise\u00f1o sin Fronteras<\/a><\/span><\/p><p><span style=\"text-decoration: underline;\"><a style=\"color: black; text-decoration: underline;\" href=\"https:\/\/mxdesign.diseno.ibero.mx\/conference\/2009\/index.html\">MXDC 2009:\u00a0Impacto Social del Dise\u00f1o\u00a0<\/a><\/span><\/p><p><span style=\"text-decoration: underline;\"><a style=\"color: black; text-decoration: underline;\" href=\"https:\/\/mxdesign.diseno.ibero.mx\/conference\/2007\/about.php\">MXDC 2007: El potencial de los Proyectos Vinculados<\/a><\/span><\/p><p><span style=\"text-decoration: underline;\"><a style=\"color: black; text-decoration: underline;\" href=\"https:\/\/mxdesign.diseno.ibero.mx\/conference\/2005\/mxdc2005.html\">MXDC 2005:\u00a0Perspectivas del Dise\u00f1o. Visualizando al dise\u00f1o del siglo XXI<\/a><\/span><\/p>\t\t\t\t\t\t\t\t<\/div>\n\t\t\t\t<\/div>\n\t\t\t\t\t<\/div>\n\t\t<\/div>\n\t\t\t\t<div class=\"elementor-column elementor-col-33 elementor-top-column elementor-element elementor-element-30fc5ff7\" data-id=\"30fc5ff7\" data-element_type=\"column\">\n\t\t\t<div class=\"elementor-widget-wrap elementor-element-populated\">\n\t\t\t\t\t\t<div class=\"elementor-element elementor-element-7050e39c elementor-view-default elementor-widget elementor-widget-icon\" data-id=\"7050e39c\" data-element_type=\"widget\" data-widget_type=\"icon.default\">\n\t\t\t\t<div class=\"elementor-widget-container\">\n\t\t\t\t\t\t\t<div class=\"elementor-icon-wrapper\">\n\t\t\t<a class=\"elementor-icon\" href=\"https:\/\/www.facebook.com\/MXDesignConf\/\">\n\t\t\t<svg aria-hidden=\"true\" class=\"e-font-icon-svg e-fab-facebook-square\" viewBox=\"0 0 448 512\" xmlns=\"http:\/\/www.w3.org\/2000\/svg\"><path d=\"M400 32H48A48 48 0 0 0 0 80v352a48 48 0 0 0 48 48h137.25V327.69h-63V256h63v-54.64c0-62.15 37-96.48 93.67-96.48 27.14 0 55.52 4.84 55.52 4.84v61h-31.27c-30.81 0-40.42 19.12-40.42 38.73V256h68.78l-11 71.69h-57.78V480H400a48 48 0 0 0 48-48V80a48 48 0 0 0-48-48z\"><\/path><\/svg>\t\t\t<\/a>\n\t\t<\/div>\n\t\t\t\t\t\t<\/div>\n\t\t\t\t<\/div>\n\t\t\t\t\t<\/div>\n\t\t<\/div>\n\t\t\t\t\t<\/div>\n\t\t<\/section>\n\t\t\t\t<\/div>\n\t\t","protected":false},"excerpt":{"rendered":"<p>Noveno congreso internacional de dise\u00f1o MXRIO Design Conference 2021: Distanciamientos y aproximaciones en tiempos excepcionales Noveno Congreso Internacional de Dise\u00f1o Edici\u00f3n R\u00edo de Janeiro, totalmente en l\u00ednea 8, 9, y 10 de septiembre de 2021 9\u00ba Congresso Internacional de Design Edi\u00e7\u00e3o Rio de Janeiro, online 8, 9 e 10 de setembro de 2021 Nineth International [&hellip;]<\/p>\n","protected":false},"author":2,"featured_media":0,"parent":0,"menu_order":0,"comment_status":"closed","ping_status":"closed","template":"","meta":{"_uag_custom_page_level_css":"","site-sidebar-layout":"no-sidebar","site-content-layout":"page-builder","ast-site-content-layout":"default","site-content-style":"default","site-sidebar-style":"default","ast-global-header-display":"","ast-banner-title-visibility":"","ast-main-header-display":"","ast-hfb-above-header-display":"","ast-hfb-below-header-display":"","ast-hfb-mobile-header-display":"","site-post-title":"disabled","ast-breadcrumbs-content":"","ast-featured-img":"disabled","footer-sml-layout":"","theme-transparent-header-meta":"default","adv-header-id-meta":"","stick-header-meta":"","header-above-stick-meta":"","header-main-stick-meta":"","header-below-stick-meta":"","astra-migrate-meta-layouts":"default","ast-page-background-enabled":"default","ast-page-background-meta":{"desktop":{"background-color":"var(--ast-global-color-4)","background-image":"","background-repeat":"repeat","background-position":"center center","background-size":"auto","background-attachment":"scroll","background-type":"","background-media":"","overlay-type":"","overlay-color":"","overlay-opacity":"","overlay-gradient":""},"tablet":{"background-color":"","background-image":"","background-repeat":"repeat","background-position":"center center","background-size":"auto","background-attachment":"scroll","background-type":"","background-media":"","overlay-type":"","overlay-color":"","overlay-opacity":"","overlay-gradient":""},"mobile":{"background-color":"","background-image":"","background-repeat":"repeat","background-position":"center center","background-size":"auto","background-attachment":"scroll","background-type":"","background-media":"","overlay-type":"","overlay-color":"","overlay-opacity":"","overlay-gradient":""}},"ast-content-background-meta":{"desktop":{"background-color":"var(--ast-global-color-5)","background-image":"","background-repeat":"repeat","background-position":"center center","background-size":"auto","background-attachment":"scroll","background-type":"","background-media":"","overlay-type":"","overlay-color":"","overlay-opacity":"","overlay-gradient":""},"tablet":{"background-color":"var(--ast-global-color-5)","background-image":"","background-repeat":"repeat","background-position":"center center","background-size":"auto","background-attachment":"scroll","background-type":"","background-media":"","overlay-type":"","overlay-color":"","overlay-opacity":"","overlay-gradient":""},"mobile":{"background-color":"var(--ast-global-color-5)","background-image":"","background-repeat":"repeat","background-position":"center center","background-size":"auto","background-attachment":"scroll","background-type":"","background-media":"","overlay-type":"","overlay-color":"","overlay-opacity":"","overlay-gradient":""}},"footnotes":""},"class_list":["post-1501","page","type-page","status-publish","hentry"],"uagb_featured_image_src":{"full":false,"thumbnail":false,"medium":false,"medium_large":false,"large":false,"1536x1536":false,"2048x2048":false},"uagb_author_info":{"display_name":"Santiago Zorrilla","author_link":"https:\/\/mxdesign.diseno.ibero.mx\/?author=2"},"uagb_comment_info":0,"uagb_excerpt":"Noveno congreso internacional de dise\u00f1o MXRIO Design Conference 2021: Distanciamientos y aproximaciones en tiempos excepcionales Noveno Congreso Internacional de Dise\u00f1o Edici\u00f3n R\u00edo de Janeiro, totalmente en l\u00ednea 8, 9, y 10 de septiembre de 2021 9\u00ba Congresso Internacional de Design Edi\u00e7\u00e3o Rio de Janeiro, online 8, 9 e 10 de setembro de 2021 Nineth International&hellip;","_links":{"self":[{"href":"https:\/\/mxdesign.diseno.ibero.mx\/index.php?rest_route=\/wp\/v2\/pages\/1501","targetHints":{"allow":["GET"]}}],"collection":[{"href":"https:\/\/mxdesign.diseno.ibero.mx\/index.php?rest_route=\/wp\/v2\/pages"}],"about":[{"href":"https:\/\/mxdesign.diseno.ibero.mx\/index.php?rest_route=\/wp\/v2\/types\/page"}],"author":[{"embeddable":true,"href":"https:\/\/mxdesign.diseno.ibero.mx\/index.php?rest_route=\/wp\/v2\/users\/2"}],"replies":[{"embeddable":true,"href":"https:\/\/mxdesign.diseno.ibero.mx\/index.php?rest_route=%2Fwp%2Fv2%2Fcomments&post=1501"}],"version-history":[{"count":7,"href":"https:\/\/mxdesign.diseno.ibero.mx\/index.php?rest_route=\/wp\/v2\/pages\/1501\/revisions"}],"predecessor-version":[{"id":2209,"href":"https:\/\/mxdesign.diseno.ibero.mx\/index.php?rest_route=\/wp\/v2\/pages\/1501\/revisions\/2209"}],"wp:attachment":[{"href":"https:\/\/mxdesign.diseno.ibero.mx\/index.php?rest_route=%2Fwp%2Fv2%2Fmedia&parent=1501"}],"curies":[{"name":"wp","href":"https:\/\/api.w.org\/{rel}","templated":true}]}}